{"id":45158,"date":"2023-04-07T20:27:24","date_gmt":"2023-04-07T19:27:24","guid":{"rendered":"https:\/\/www.artplakata.com\/?post_type=product&#038;p=45158"},"modified":"2026-03-13T10:53:38","modified_gmt":"2026-03-13T09:53:38","slug":"pag-solana","status":"publish","type":"product","link":"https:\/\/www.artplakata.com\/en\/plakat\/pag-solana\/","title":{"rendered":"Pag, Solana"},"content":{"rendered":"","protected":false},"excerpt":{"rendered":"<p class=\" translation-block\">All motives in size 50x70cm\ufeff, can be ordered both on standard paper and on canvas. The canvas is protected with a special coating and remains long-lasting. It is stretched over a wooden frame,  has a pre-installed hook in the back and is ready to be hung on the wall.<\/p>\n<p class=\" translation-block\">Standard posters are printed on high quality 200gr paper. They are frameless and delivered in a cardboard tube. Colors on paper and canvas may slightly vary from the screen color. We print the posters after your order. Delivery time is 5 to 10 workdays (for Croatia).<\/p>","protected":false},"featured_media":45162,"comment_status":"closed","ping_status":"closed","template":"","meta":[],"product_cat":[15],"product_tag":[166,165,167],"yoast_head":"<!-- This site is optimized with the Yoast SEO plugin v21.4 - https:\/\/yoast.com\/wordpress\/plugins\/seo\/ -->\n<title>Pag, Solana - Art Plakata<\/title>\n<meta name=\"robots\" content=\"index, follow, max-snippet:-1, max-image-preview:large, max-video-preview:-1\" \/>\n<link rel=\"canonical\" href=\"https:\/\/www.artplakata.com\/en\/plakat\/pag-solana\/\" \/>\n<meta property=\"og:locale\" content=\"en_GB\" \/>\n<meta property=\"og:type\" content=\"article\" \/>\n<meta property=\"og:title\" content=\"Pag, Solana - Art Plakata\" \/>\n<meta property=\"og:description\" content=\"Sve motive u dimenziji 50x70cm, osim na standardnom papiru, mo\u017eete naru\u010diti i na platnu. Platno je za\u0161ti\u0107eno posebnim premazom i (p)ostaje dugovje\u010dno. Pri\u010dvr\u0161\u0107eno je na drvene letvice, ima kukicu i spremno je za vje\u0161anje na zid.  Standardne plakate printamo na kvalitetnom 200 gramskom papiru. Dolaze spakirani u kartonskim tuljcima (bez okvira). Boja na isprintanom papiru i platnu mo\u017ee se u nijansama razlikovati od boje na ekranu. Nakon narud\u017ebe, plakate \u0161aljemo u izradu. Rok isporuke je 5-10 radnih dana (za podru\u010dje Hrvatske).\" \/>\n<meta property=\"og:url\" content=\"https:\/\/www.artplakata.com\/en\/plakat\/pag-solana\/\" \/>\n<meta property=\"og:site_name\" content=\"Art Plakata\" \/>\n<meta property=\"article:publisher\" content=\"http:\/\/facebook.com\/artplakata.visual.art\" \/>\n<meta property=\"article:modified_time\" content=\"2026-03-13T09:53:38+00:00\" \/>\n<meta property=\"og:image\" content=\"http:\/\/www.artplakata.com\/wp-content\/uploads\/2023\/04\/webshio-mockup-Pag-solana.jpg\" \/>\n\t<meta property=\"og:image:width\" content=\"1000\" \/>\n\t<meta property=\"og:image:height\" content=\"1000\" \/>\n\t<meta property=\"og:image:type\" content=\"image\/jpeg\" \/>\n<meta name=\"twitter:card\" content=\"summary_large_image\" \/>\n<script type=\"application\/ld+json\" class=\"yoast-schema-graph\">{\"@context\":\"https:\/\/schema.org\",\"@graph\":[{\"@type\":\"WebPage\",\"@id\":\"https:\/\/www.artplakata.com\/plakat\/pag-solana\/\",\"url\":\"https:\/\/www.artplakata.com\/plakat\/pag-solana\/\",\"name\":\"Pag, Solana - Art Plakata\",\"isPartOf\":{\"@id\":\"https:\/\/www.artplakata.com\/#website\"},\"datePublished\":\"2023-04-07T19:27:24+00:00\",\"dateModified\":\"2026-03-13T09:53:38+00:00\",\"breadcrumb\":{\"@id\":\"https:\/\/www.artplakata.com\/plakat\/pag-solana\/#breadcrumb\"},\"inLanguage\":\"en-GB\",\"potentialAction\":[{\"@type\":\"ReadAction\",\"target\":[\"https:\/\/www.artplakata.com\/plakat\/pag-solana\/\"]}]},{\"@type\":\"BreadcrumbList\",\"@id\":\"https:\/\/www.artplakata.com\/plakat\/pag-solana\/#breadcrumb\",\"itemListElement\":[{\"@type\":\"ListItem\",\"position\":1,\"name\":\"Po\u010detna stranica\",\"item\":\"https:\/\/www.artplakata.com\/\"},{\"@type\":\"ListItem\",\"position\":2,\"name\":\"Shop\",\"item\":\"https:\/\/www.artplakata.com\/shop\/\"},{\"@type\":\"ListItem\",\"position\":3,\"name\":\"Pag, Solana\"}]},{\"@type\":\"WebSite\",\"@id\":\"https:\/\/www.artplakata.com\/#website\",\"url\":\"https:\/\/www.artplakata.com\/\",\"name\":\"Art Plakata\",\"description\":\"\",\"publisher\":{\"@id\":\"https:\/\/www.artplakata.com\/#organization\"},\"potentialAction\":[{\"@type\":\"SearchAction\",\"target\":{\"@type\":\"EntryPoint\",\"urlTemplate\":\"https:\/\/www.artplakata.com\/?s={search_term_string}\"},\"query-input\":\"required name=search_term_string\"}],\"inLanguage\":\"en-GB\"},{\"@type\":\"Organization\",\"@id\":\"https:\/\/www.artplakata.com\/#organization\",\"name\":\"Art Plakata\",\"url\":\"https:\/\/www.artplakata.com\/\",\"logo\":{\"@type\":\"ImageObject\",\"inLanguage\":\"en-GB\",\"@id\":\"https:\/\/www.artplakata.com\/#\/schema\/logo\/image\/\",\"url\":\"https:\/\/www.artplakata.com\/wp-content\/uploads\/2020\/02\/artplakata-logotip.png\",\"contentUrl\":\"https:\/\/www.artplakata.com\/wp-content\/uploads\/2020\/02\/artplakata-logotip.png\",\"width\":370,\"height\":90,\"caption\":\"Art Plakata\"},\"image\":{\"@id\":\"https:\/\/www.artplakata.com\/#\/schema\/logo\/image\/\"},\"sameAs\":[\"http:\/\/facebook.com\/artplakata.visual.art\",\"http:\/\/instagram.com\/artplakata\"]}]}<\/script>\n<!-- \/ Yoast SEO plugin. -->","yoast_head_json":{"title":"Pag, Solana - Art Plakata","robots":{"index":"index","follow":"follow","max-snippet":"max-snippet:-1","max-image-preview":"max-image-preview:large","max-video-preview":"max-video-preview:-1"},"canonical":"https:\/\/www.artplakata.com\/en\/plakat\/pag-solana\/","og_locale":"en_GB","og_type":"article","og_title":"Pag, Solana - Art Plakata","og_description":"Sve motive u dimenziji 50x70cm, osim na standardnom papiru, mo\u017eete naru\u010diti i na platnu. Platno je za\u0161ti\u0107eno posebnim premazom i (p)ostaje dugovje\u010dno. Pri\u010dvr\u0161\u0107eno je na drvene letvice, ima kukicu i spremno je za vje\u0161anje na zid.  Standardne plakate printamo na kvalitetnom 200 gramskom papiru. Dolaze spakirani u kartonskim tuljcima (bez okvira). Boja na isprintanom papiru i platnu mo\u017ee se u nijansama razlikovati od boje na ekranu. Nakon narud\u017ebe, plakate \u0161aljemo u izradu. Rok isporuke je 5-10 radnih dana (za podru\u010dje Hrvatske).","og_url":"https:\/\/www.artplakata.com\/en\/plakat\/pag-solana\/","og_site_name":"Art Plakata","article_publisher":"http:\/\/facebook.com\/artplakata.visual.art","article_modified_time":"2026-03-13T09:53:38+00:00","og_image":[{"width":1000,"height":1000,"url":"http:\/\/www.artplakata.com\/wp-content\/uploads\/2023\/04\/webshio-mockup-Pag-solana.jpg","type":"image\/jpeg"}],"twitter_card":"summary_large_image","schema":{"@context":"https:\/\/schema.org","@graph":[{"@type":"WebPage","@id":"https:\/\/www.artplakata.com\/plakat\/pag-solana\/","url":"https:\/\/www.artplakata.com\/plakat\/pag-solana\/","name":"Pag, Solana - Art Plakata","isPartOf":{"@id":"https:\/\/www.artplakata.com\/#website"},"datePublished":"2023-04-07T19:27:24+00:00","dateModified":"2026-03-13T09:53:38+00:00","breadcrumb":{"@id":"https:\/\/www.artplakata.com\/plakat\/pag-solana\/#breadcrumb"},"inLanguage":"en-GB","potentialAction":[{"@type":"ReadAction","target":["https:\/\/www.artplakata.com\/plakat\/pag-solana\/"]}]},{"@type":"BreadcrumbList","@id":"https:\/\/www.artplakata.com\/plakat\/pag-solana\/#breadcrumb","itemListElement":[{"@type":"ListItem","position":1,"name":"Po\u010detna stranica","item":"https:\/\/www.artplakata.com\/"},{"@type":"ListItem","position":2,"name":"Shop","item":"https:\/\/www.artplakata.com\/shop\/"},{"@type":"ListItem","position":3,"name":"Pag, Solana"}]},{"@type":"WebSite","@id":"https:\/\/www.artplakata.com\/#website","url":"https:\/\/www.artplakata.com\/","name":"Art Plakata","description":"","publisher":{"@id":"https:\/\/www.artplakata.com\/#organization"},"potentialAction":[{"@type":"SearchAction","target":{"@type":"EntryPoint","urlTemplate":"https:\/\/www.artplakata.com\/?s={search_term_string}"},"query-input":"required name=search_term_string"}],"inLanguage":"en-GB"},{"@type":"Organization","@id":"https:\/\/www.artplakata.com\/#organization","name":"Art Plakata","url":"https:\/\/www.artplakata.com\/","logo":{"@type":"ImageObject","inLanguage":"en-GB","@id":"https:\/\/www.artplakata.com\/#\/schema\/logo\/image\/","url":"https:\/\/www.artplakata.com\/wp-content\/uploads\/2020\/02\/artplakata-logotip.png","contentUrl":"https:\/\/www.artplakata.com\/wp-content\/uploads\/2020\/02\/artplakata-logotip.png","width":370,"height":90,"caption":"Art Plakata"},"image":{"@id":"https:\/\/www.artplakata.com\/#\/schema\/logo\/image\/"},"sameAs":["http:\/\/facebook.com\/artplakata.visual.art","http:\/\/instagram.com\/artplakata"]}]}},"_links":{"self":[{"href":"https:\/\/www.artplakata.com\/en\/wp-json\/wp\/v2\/product\/45158"}],"collection":[{"href":"https:\/\/www.artplakata.com\/en\/wp-json\/wp\/v2\/product"}],"about":[{"href":"https:\/\/www.artplakata.com\/en\/wp-json\/wp\/v2\/types\/product"}],"replies":[{"embeddable":true,"href":"https:\/\/www.artplakata.com\/en\/wp-json\/wp\/v2\/comments?post=45158"}],"wp:featuredmedia":[{"embeddable":true,"href":"https:\/\/www.artplakata.com\/en\/wp-json\/wp\/v2\/media\/45162"}],"wp:attachment":[{"href":"https:\/\/www.artplakata.com\/en\/wp-json\/wp\/v2\/media?parent=45158"}],"wp:term":[{"taxonomy":"product_cat","embeddable":true,"href":"https:\/\/www.artplakata.com\/en\/wp-json\/wp\/v2\/product_cat?post=45158"},{"taxonomy":"product_tag","embeddable":true,"href":"https:\/\/www.artplakata.com\/en\/wp-json\/wp\/v2\/product_tag?post=45158"}],"curies":[{"name":"wp","href":"https:\/\/api.w.org\/{rel}","templated":true}]}}